{"id":908,"date":"2020-09-15T06:48:15","date_gmt":"2020-09-15T09:48:15","guid":{"rendered":"https:\/\/orillaguru.com\/index.php\/home\/"},"modified":"2024-12-02T15:05:52","modified_gmt":"2024-12-02T18:05:52","slug":"home","status":"publish","type":"page","link":"https:\/\/orillaguru.com\/","title":{"rendered":"Inicio"},"content":{"rendered":"\n<div class=\"wp-block-uagb-container uagb-block-38b1406f alignfull uagb-is-root-container\"><div class=\"uagb-container-inner-blocks-wrap\">\n<p><\/p>\n\n\n\n<h1 class=\"wp-block-heading has-text-align-center has-cyan-bluish-gray-color has-text-color\">ORILLA GURU<\/h1>\n<\/div><\/div>\n\n\n\n<div class=\"wp-block-uagb-container uagb-block-4e9f3309 alignfull uagb-is-root-container\"><div class=\"uagb-container-inner-blocks-wrap\">\n<div class=\"wp-block-uagb-container uagb-block-06d0fc7d\">\n<div class=\"wp-block-uagb-image uagb-block-44dc2ad4 wp-block-uagb-image--layout-default wp-block-uagb-image--effect-static wp-block-uagb-image--align-none\"><figure class=\"wp-block-uagb-image__figure\"><img decoding=\"async\" srcset=\"http:\/\/orillaguru.com\/wp-content\/uploads\/2022\/08\/quote-1.png ,http:\/\/orillaguru.com\/wp-content\/uploads\/2022\/08\/quote-1.png 780w\" sizes=\"(max-width: 480px) 150px\" src=\"http:\/\/orillaguru.com\/wp-content\/uploads\/2022\/08\/quote-1.png\" alt=\"\" class=\"uag-image-322\" width=\"94\" height=\"72\" title=\"\" loading=\"lazy\"\/><\/figure><\/div>\n<\/div>\n\n\n\n<div class=\"wp-block-uagb-container uagb-block-1208feed\">\n<div class=\"wp-block-uagb-advanced-heading uagb-block-fe9fac2e\"><div class=\"uagb-heading-text\">\u00a1TODOS EL VERANO, TODOS LOS D\u00cdAS, TODO EL DIA, AL AGUA!<br><\/div><\/div>\n<\/div>\n<\/div><\/div>\n\n\n\n<div class=\"wp-block-uagb-container uagb-block-9d6a3bc8 alignfull uagb-is-root-container\"><div class=\"uagb-container-inner-blocks-wrap\">\n<div class=\"wp-block-uagb-advanced-heading uagb-block-51328f74\"><h2 class=\"uagb-heading-text\">ESCUELA DE SURF ORILLA GURU<\/h2><div class=\"uagb-separator\"><\/div><\/div>\n\n\n\n<div class=\"wp-block-uagb-container uagb-block-59f18ff2\">\n<div class=\"wp-block-uagb-container uagb-block-d1208987\">\n<div class=\"wp-block-uagb-info-box uagb-block-f1629853 uagb-infobox__content-wrap  uagb-infobox-icon-above-title uagb-infobox-image-valign-top\"><div class=\"uagb-ifb-content\"><div class=\"uagb-ifb-image-content\"><img decoding=\"async\" src=\"http:\/\/orillaguru.com\/wp-content\/uploads\/2023\/05\/IMG_0885-scaled.jpg\" alt=\"\" width=\"1440\" height=\"2560\" loading=\"lazy\"\/><\/div><div class=\"uagb-ifb-title-wrap\"><h5 class=\"uagb-ifb-title\">CLASES DE SURF<\/h5><\/div><div class=\"uagb-ifb-separator\"><\/div><p class=\"uagb-ifb-desc\">Brindamos clases grupales e individuales<br>para niveles iniciales, intermedios y avanzados.<br>Nuestras clases se adaptan a las habilidades y necesidades<br>de cada persona<\/p><div class=\"uagb-ifb-button-wrapper wp-block-button\"><a href=\"\" class=\"uagb-infobox-cta-link wp-block-button__link\" target=\"_blank\" rel=\"noopener noreferrer\" onclick=\"return false;\" alt=\"\"><span class=\"uagb-inline-editing\">Learn More<\/span><svg xmlns=\"https:\/\/www.w3.org\/2000\/svg\" viewBox=\"0 0 512 512\"><path d=\"M504.3 273.6l-112.1 104c-6.992 6.484-17.18 8.218-25.94 4.406c-8.758-3.812-14.42-12.45-14.42-21.1L351.9 288H32C14.33 288 .0002 273.7 .0002 255.1S14.33 224 32 224h319.9l0-72c0-9.547 5.66-18.19 14.42-22c8.754-3.809 18.95-2.075 25.94 4.41l112.1 104C514.6 247.9 514.6 264.1 504.3 273.6z\"><\/path><\/svg><\/a><\/div><\/div><\/div>\n<\/div>\n\n\n\n<div class=\"wp-block-uagb-container uagb-block-a78accec\">\n<div class=\"wp-block-uagb-info-box uagb-block-d539a533 uagb-infobox__content-wrap  uagb-infobox-icon-above-title uagb-infobox-image-valign-top\"><div class=\"uagb-ifb-content\"><div class=\"uagb-ifb-image-content\"><img decoding=\"async\" src=\"http:\/\/orillaguru.com\/wp-content\/uploads\/2023\/05\/IMG_2446-scaled.jpg\" alt=\"\" width=\"1440\" height=\"2560\" loading=\"lazy\"\/><\/div><div class=\"uagb-ifb-title-wrap\"><h5 class=\"uagb-ifb-title\">ALQUILER DE EQUIPOS<\/h5><\/div><div class=\"uagb-ifb-separator\"><\/div><p class=\"uagb-ifb-desc\">Disponemos de todos los materiales necesarios<br>y de \u00faltima generaci\u00f3n para la pr\u00e1ctica segura del surf.<br>Traje y tablas de todas las medidas. <br>Consultar disponibilidad.<br><\/p><div class=\"uagb-ifb-button-wrapper wp-block-button\"><a href=\"\" class=\"uagb-infobox-cta-link wp-block-button__link\" target=\"_self\" rel=\"noopener noreferrer\" onclick=\"return false;\" alt=\"\"><span class=\"uagb-inline-editing\">Learn More<\/span><svg xmlns=\"https:\/\/www.w3.org\/2000\/svg\" viewBox=\"0 0 512 512\"><path d=\"M504.3 273.6l-112.1 104c-6.992 6.484-17.18 8.218-25.94 4.406c-8.758-3.812-14.42-12.45-14.42-21.1L351.9 288H32C14.33 288 .0002 273.7 .0002 255.1S14.33 224 32 224h319.9l0-72c0-9.547 5.66-18.19 14.42-22c8.754-3.809 18.95-2.075 25.94 4.41l112.1 104C514.6 247.9 514.6 264.1 504.3 273.6z\"><\/path><\/svg><\/a><\/div><\/div><\/div>\n<\/div>\n<\/div>\n<\/div><\/div>\n\n\n\n<div class=\"wp-block-uagb-advanced-heading uagb-block-0def7211\"><h1 class=\"uagb-heading-text\">VENTANA AL MAR <\/h1><div class=\"uagb-separator\"><\/div><\/div>\n\n\n\n<div class=\"wp-block-uagb-container uagb-block-4a63b7ab alignfull uagb-is-root-container\"><div class=\"uagb-container-inner-blocks-wrap\">\n\n\n<div style=\"position: relative; overflow: hidden; width: 100%;padding-top: 56.25%;\">\n    <iframe loading=\"lazy\" width=\"560\" height=\"300\" src=\"https:\/\/videocloud.instream.audio:2000\/VideoPlayer\/relaycam?autoplay=1\" style=\"position: absolute;top: 0;left: 0;bottom: 0;right: 0;width: 100%;height: 100%;\" scrolling=\"no\" frameborder=\"0\" allow=\"autoplay\" allowfullscreen webkitallowfullscreen mozallowfullscreen oallowfullscreen msallowfullscreen><\/iframe>\n<\/div>\n<\/div><\/div>\n\n\n\n<div class=\"wp-block-uagb-container uagb-block-adebadd0 alignfull uagb-is-root-container\"><div class=\"uagb-container-inner-blocks-wrap\">\n<div class=\"wp-block-uagb-container uagb-block-c0fd40b9\">\n<figure class=\"wp-block-image size-full\"><img decoding=\"async\" loading=\"lazy\" width=\"225\" height=\"225\" src=\"https:\/\/orillaguru.com\/wp-content\/uploads\/2023\/05\/lvdp-removebg-preview.png\" alt=\"\" class=\"wp-image-952\" srcset=\"https:\/\/orillaguru.com\/wp-content\/uploads\/2023\/05\/lvdp-removebg-preview.png 225w, https:\/\/orillaguru.com\/wp-content\/uploads\/2023\/05\/lvdp-removebg-preview-150x150.png 150w\" sizes=\"(max-width: 225px) 100vw, 225px\" \/><\/figure>\n<\/div>\n\n\n\n<div class=\"wp-block-uagb-container uagb-block-dcd0608e\">\n<figure class=\"wp-block-image size-full\"><img decoding=\"async\" loading=\"lazy\" width=\"203\" height=\"248\" src=\"https:\/\/orillaguru.com\/wp-content\/uploads\/2023\/05\/red24-removebg-preview.png\" alt=\"\" class=\"wp-image-953\"\/><\/figure>\n<\/div>\n\n\n\n<div class=\"wp-block-uagb-container uagb-block-a1569289\">\n<figure class=\"wp-block-image size-full\"><img decoding=\"async\" loading=\"lazy\" width=\"224\" height=\"224\" src=\"https:\/\/orillaguru.com\/wp-content\/uploads\/2023\/05\/turismo-removebg-preview.png\" alt=\"\" class=\"wp-image-954\" srcset=\"https:\/\/orillaguru.com\/wp-content\/uploads\/2023\/05\/turismo-removebg-preview.png 224w, https:\/\/orillaguru.com\/wp-content\/uploads\/2023\/05\/turismo-removebg-preview-150x150.png 150w\" sizes=\"(max-width: 224px) 100vw, 224px\" \/><\/figure>\n<\/div>\n\n\n\n<figure class=\"wp-block-image size-full\"><img decoding=\"async\" loading=\"lazy\" width=\"503\" height=\"496\" src=\"https:\/\/orillaguru.com\/wp-content\/uploads\/2023\/05\/ORILLA_GURU_LOGO_NEGRO-removebg-preview.png\" alt=\"\" class=\"wp-image-955\" srcset=\"https:\/\/orillaguru.com\/wp-content\/uploads\/2023\/05\/ORILLA_GURU_LOGO_NEGRO-removebg-preview.png 503w, https:\/\/orillaguru.com\/wp-content\/uploads\/2023\/05\/ORILLA_GURU_LOGO_NEGRO-removebg-preview-300x296.png 300w\" sizes=\"(max-width: 503px) 100vw, 503px\" \/><\/figure>\n<\/div><\/div>\n\n\n\n<div class=\"wp-block-uagb-container uagb-block-c24194c5 alignfull uagb-is-root-container\"><div class=\"uagb-container-inner-blocks-wrap\">\n<div class=\"wp-block-uagb-container uagb-block-b06d458f\">\n<div class=\"wp-block-uagb-info-box uagb-block-0fa75ec8 uagb-infobox__content-wrap  uagb-infobox-icon-above-title uagb-infobox-image-valign-top\"><div class=\"uagb-ifb-content\"><div class=\"uagb-ifb-icon-wrap\"><svg xmlns=\"https:\/\/www.w3.org\/2000\/svg\" viewBox=\"0 0 512 512\"><path d=\"M256 0C114.6 0 0 114.6 0 256c0 141.4 114.6 256 256 256s256-114.6 256-256C512 114.6 397.4 0 256 0zM382.6 302.6l-103.1 103.1C270.7 414.6 260.9 416 256 416c-4.881 0-14.65-1.391-22.65-9.398L129.4 302.6c-12.5-12.5-12.5-32.75 0-45.25s32.75-12.5 45.25 0L224 306.8V128c0-17.69 14.33-32 32-32s32 14.31 32 32v178.8l49.38-49.38c12.5-12.5 32.75-12.5 45.25 0S395.1 290.1 382.6 302.6z\"><\/path><\/svg><\/div><div class=\"uagb-ifb-title-wrap\"><h3 class=\"uagb-ifb-title\">\u00a1RESPONDEMOS TUS CONSULTAS!<\/h3><\/div><p class=\"uagb-ifb-desc\">Por el momento nuestro medio de comunicaci\u00f3n es instagram<br>\u00a1CONSULTANOS!<br><\/p><div class=\"uagb-ifb-button-wrapper wp-block-button\"><a href=\"https:\/\/www.instagram.com\/orilla_guru\/\" class=\"uagb-infobox-cta-link wp-block-button__link\" target=\"_blank\" rel=\"noopener noreferrer\" onclick=\"return true;\" alt=\"\"><span class=\"uagb-inline-editing\">instagram<\/span><\/a><\/div><\/div><\/div>\n<\/div>\n\n\n\n<div class=\"wp-block-uagb-container uagb-block-d8db9143\">\n<iframe src=\"https:\/\/www.google.com\/maps\/embed?pb=!1m18!1m12!1m3!1d12427.327519573475!2d-60.07024658261719!3d-38.8592052!2m3!1f0!2f0!3f0!3m2!1i1024!2i768!4f13.1!3m3!1m2!1s0x958dc33595c6d20b%3A0xfae39c85eb8d9c89!2sorillaguru%20escuela%20de%20surf!5e0!3m2!1ses!2sar!4v1683980591968!5m2!1ses!2sar\" width=\"600\" height=\"450\" style=\"border:0;\" allowfullscreen=\"\" loading=\"lazy\" referrerpolicy=\"no-referrer-when-downgrade\"><\/iframe>\n<\/div>\n<\/div><\/div>\n","protected":false},"excerpt":{"rendered":"<p>ORILLA GURU \u00a1TODOS EL VERANO, TODOS LOS D\u00cdAS, TODO EL DIA, AL AGUA! ESCUELA DE SURF ORILLA GURU VENTANA AL MAR<\/p>\n","protected":false},"author":1,"featured_media":0,"parent":0,"menu_order":0,"comment_status":"closed","ping_status":"closed","template":"","meta":{"_uag_custom_page_level_css":"","site-sidebar-layout":"no-sidebar","site-content-layout":"plain-container","ast-global-header-display":"","ast-banner-title-visibility":"","ast-main-header-display":"","ast-hfb-above-header-display":"","ast-hfb-below-header-display":"","ast-hfb-mobile-header-display":"","site-post-title":"disabled","ast-breadcrumbs-content":"","ast-featured-img":"","footer-sml-layout":"","theme-transparent-header-meta":"enabled","adv-header-id-meta":"","stick-header-meta":"","header-above-stick-meta":"","header-main-stick-meta":"","header-below-stick-meta":""},"uagb_featured_image_src":{"full":false,"thumbnail":false,"medium":false,"medium_large":false,"large":false,"1536x1536":false,"2048x2048":false},"uagb_author_info":{"display_name":"faculazarte75@gmail.com","author_link":"https:\/\/orillaguru.com\/index.php\/author\/faculazarte75gmail-com\/"},"uagb_comment_info":0,"uagb_excerpt":"ORILLA GURU \u00a1TODOS EL VERANO, TODOS LOS D\u00cdAS, TODO EL DIA, AL AGUA! ESCUELA DE SURF ORILLA GURU VENTANA AL MAR","_links":{"self":[{"href":"https:\/\/orillaguru.com\/index.php\/wp-json\/wp\/v2\/pages\/908"}],"collection":[{"href":"https:\/\/orillaguru.com\/index.php\/wp-json\/wp\/v2\/pages"}],"about":[{"href":"https:\/\/orillaguru.com\/index.php\/wp-json\/wp\/v2\/types\/page"}],"author":[{"embeddable":true,"href":"https:\/\/orillaguru.com\/index.php\/wp-json\/wp\/v2\/users\/1"}],"replies":[{"embeddable":true,"href":"https:\/\/orillaguru.com\/index.php\/wp-json\/wp\/v2\/comments?post=908"}],"version-history":[{"count":33,"href":"https:\/\/orillaguru.com\/index.php\/wp-json\/wp\/v2\/pages\/908\/revisions"}],"predecessor-version":[{"id":1035,"href":"https:\/\/orillaguru.com\/index.php\/wp-json\/wp\/v2\/pages\/908\/revisions\/1035"}],"wp:attachment":[{"href":"https:\/\/orillaguru.com\/index.php\/wp-json\/wp\/v2\/media?parent=908"}],"curies":[{"name":"wp","href":"https:\/\/api.w.org\/{rel}","templated":true}]}}